{"id":187,"date":"2019-04-03T00:58:28","date_gmt":"2019-04-02T15:58:28","guid":{"rendered":"https:\/\/www.shinkosha.com\/?page_id=187"},"modified":"2023-09-22T15:58:34","modified_gmt":"2023-09-22T06:58:34","slug":"ysz","status":"publish","type":"page","link":"https:\/\/www.shinkosha.com\/english\/product\/epi_substrate\/ysz\/","title":{"rendered":"YSZ"},"content":{"rendered":"<h1 class=\"component-heading is-level-01\">YSZ<small>(<span>Yttria-stabilized Zirconia<\/span>\uff09<\/small><\/h1>\n<h3><span>Characteristics<\/span><\/h3>\n<table class=\"component-table-thead\">\n<tbody>\n<tr>\n<th style=\"width: 10%\"><span>Composition<\/span><\/th>\n<td>Y<sub>2<\/sub>O<sub>3<\/sub>(10 mol%)-ZrO<sub>2<\/sub>(90 mol%)<\/td>\n<\/tr>\n<tr>\n<th style=\"width: 10%\"><span>Crystal system<\/span><\/th>\n<td><span>Cubic<\/span><\/td>\n<\/tr>\n<tr>\n<th style=\"width: 10%\"><span>Crystal structure<\/span><\/th>\n<td>CaF<sub>2<\/sub><\/td>\n<\/tr>\n<tr>\n<th style=\"width: 10%\"><span>Lattice constant<\/span><\/th>\n<td>a=0.5139 nm<\/td>\n<\/tr>\n<tr>\n<th style=\"width: 10%\"><span>Melting point<\/span><\/th>\n<td>2500 \u2103<\/td>\n<\/tr>\n<tr>\n<th style=\"width: 10%\"><span>Density<\/span><\/th>\n<td>6.05 g\/cm<sup>3<\/sup>(20 \u2103)<\/td>\n<\/tr>\n<tr>\n<th style=\"width: 10%\"><span>Dielectric constant<\/span><\/th>\n<td>27<\/td>\n<\/tr>\n<tr>\n<th style=\"width: 10%\"><span>Thermal expansion coefficient<\/span><\/th>\n<td>10.3\u00d710<sup>-6<\/sup>\/\u2103<\/td>\n<\/tr>\n<\/tbody>\n<\/table>\n<p>&nbsp;<\/p>\n<p style=\"text-align: center\">Transmittance of YSZ<\/p>\n<p><a href=\"https:\/\/www.shinkosha.com\/english\/techinfo\/en_transmittance\/en_transmittance_ysz\/\" target=\"_blank\" rel=\"noopener\"><img loading=\"lazy\" decoding=\"async\" src=\"https:\/\/www.shinkosha.com\/english\/wp-content\/uploads\/sites\/2\/2021\/09\/YSZ.png\" alt=\"\" width=\"688\" height=\"423\" class=\"size-full wp-image-1321 aligncenter\" srcset=\"https:\/\/www.shinkosha.com\/english\/wp-content\/uploads\/sites\/2\/2021\/09\/YSZ.png 688w, https:\/\/www.shinkosha.com\/english\/wp-content\/uploads\/sites\/2\/2021\/09\/YSZ-300x184.png 300w\" sizes=\"auto, (max-width: 688px) 100vw, 688px\" \/><\/a><\/p>\n<p>&nbsp;<\/p>\n<h3><span>Standard specs<\/span><\/h3>\n<table class=\"component-table-thead\">\n<tbody>\n<tr>\n<th style=\"width: 10%\">Size<br \/>(Outer size tolerance: \u00b10.1 mm \/ Thickness tolerance: \u00b10.05 mm)<\/th>\n<td>10\u00d710\u00d70.5 t <br \/>15\u00d715\u00d70.5 t<\/td>\n<\/tr>\n<tr>\n<th style=\"width: 10%\">Orientation<br \/>(Tolerance: \u00b10.5\u00b0)<\/th>\n<td>(100), (111)<\/td>\n<\/tr>\n<tr>\n<th style=\"width: 10%\"><span>Polishing<\/span><\/th>\n<td><span>One-side \/ Both-side<\/span><\/td>\n<\/tr>\n<tr>\n<th style=\"width: 10%\"><span>Surface roughness<\/span><\/th>\n<td>Ra\u22661.0 nm, Rmax\u22665.0 nm<\/td>\n<\/tr>\n<tr>\n<th style=\"width: 10%\"><span>Options<\/span><\/th>\n<td>OFF<span> substrate<br \/><\/span><a href=\"https:\/\/www.shinkosha.com\/product\/epi_substrate\/epi_substrate_12\/\"><\/a><a href=\"https:\/\/www.shinkosha.com\/english\/product\/epi_substrate\/epi_substrate_12\/\"><span>Breakable substrate<\/span><\/a><\/td>\n<\/tr>\n<\/tbody>\n<\/table>\n<p>\u203bIf you are looking for other specs, please contact us.<\/p>\n","protected":false},"excerpt":{"rendered":"<p>YSZ(Yttria-stabilized Zirconia\uff09 Characteristics Composition Y2O3(10 mol%)-ZrO2(90 mol%) Crystal system Cubic Crystal structure CaF2 Lattice constant a=0.5139 nm Melting point 2500 \u2103 Density 6.05 g\/cm3(20 \u2103) Dielectric constant 27 Thermal expansion coefficient 10.3\u00d710-6\/\u2103 &nbsp; Transmittance of YSZ &nbsp; Standard specs Size(Outer size tolerance: \u00b10.1 mm \/ Thickness tolerance: \u00b10.05 mm) 10\u00d710\u00d70.5 t 15\u00d715\u00d70.5 t Orientation(Tolerance: \u00b10.5\u00b0) [&hellip;]<\/p>\n","protected":false},"author":1,"featured_media":0,"parent":612,"menu_order":20,"comment_status":"closed","ping_status":"closed","template":"page-template-product-child.php","meta":{"_acf_changed":false,"footnotes":""},"class_list":["post-187","page","type-page","status-publish","hentry"],"acf":[],"yoast_head":"<!-- This site is optimized with the Yoast SEO plugin v26.5 - https:\/\/yoast.com\/wordpress\/plugins\/seo\/ -->\n<title>YSZ - SHINKOSHA Crystals for a bright future<\/title>\n<meta name=\"description\" content=\"Shinkosha is a leading company of oxide single crystal production. We are one of the largest sapphire crystal manufacturer in Japan, and also one of the largest rutile crystal manufacturer in the world.\" \/>\n<meta name=\"robots\" content=\"index, follow, max-snippet:-1, max-image-preview:large, max-video-preview:-1\" \/>\n<link rel=\"canonical\" href=\"https:\/\/www.shinkosha.com\/english\/product\/epi_substrate\/ysz\/\" \/>\n<meta property=\"og:locale\" content=\"en_US\" \/>\n<meta property=\"og:type\" content=\"article\" \/>\n<meta property=\"og:title\" content=\"YSZ - SHINKOSHA Crystals for a bright future\" \/>\n<meta property=\"og:description\" content=\"Shinkosha is a leading company of oxide single crystal production. We are one of the largest sapphire crystal manufacturer in Japan, and also one of the largest rutile crystal manufacturer in the world.\" \/>\n<meta property=\"og:url\" content=\"https:\/\/www.shinkosha.com\/english\/product\/epi_substrate\/ysz\/\" \/>\n<meta property=\"og:site_name\" content=\"SHINKOSHA Crystals for a bright future\" \/>\n<meta property=\"article:modified_time\" content=\"2023-09-22T06:58:34+00:00\" \/>\n<meta property=\"og:image\" content=\"https:\/\/www.shinkosha.com\/english\/wp-content\/uploads\/sites\/2\/2021\/09\/YSZ.png\" \/>\n\t<meta property=\"og:image:width\" content=\"688\" \/>\n\t<meta property=\"og:image:height\" content=\"423\" \/>\n\t<meta property=\"og:image:type\" content=\"image\/png\" \/>\n<meta name=\"twitter:card\" content=\"summary_large_image\" \/>\n<script type=\"application\/ld+json\" class=\"yoast-schema-graph\">{\"@context\":\"https:\/\/schema.org\",\"@graph\":[{\"@type\":\"WebPage\",\"@id\":\"https:\/\/www.shinkosha.com\/english\/product\/epi_substrate\/ysz\/\",\"url\":\"https:\/\/www.shinkosha.com\/english\/product\/epi_substrate\/ysz\/\",\"name\":\"YSZ - SHINKOSHA Crystals for a bright future\",\"isPartOf\":{\"@id\":\"https:\/\/www.shinkosha.com\/english\/#website\"},\"primaryImageOfPage\":{\"@id\":\"https:\/\/www.shinkosha.com\/english\/product\/epi_substrate\/ysz\/#primaryimage\"},\"image\":{\"@id\":\"https:\/\/www.shinkosha.com\/english\/product\/epi_substrate\/ysz\/#primaryimage\"},\"thumbnailUrl\":\"https:\/\/www.shinkosha.com\/english\/wp-content\/uploads\/sites\/2\/2021\/09\/YSZ.png\",\"datePublished\":\"2019-04-02T15:58:28+00:00\",\"dateModified\":\"2023-09-22T06:58:34+00:00\",\"description\":\"Shinkosha is a leading company of oxide single crystal production. We are one of the largest sapphire crystal manufacturer in Japan, and also one of the largest rutile crystal manufacturer in the world.\",\"breadcrumb\":{\"@id\":\"https:\/\/www.shinkosha.com\/english\/product\/epi_substrate\/ysz\/#breadcrumb\"},\"inLanguage\":\"en-US\",\"potentialAction\":[{\"@type\":\"ReadAction\",\"target\":[\"https:\/\/www.shinkosha.com\/english\/product\/epi_substrate\/ysz\/\"]}]},{\"@type\":\"ImageObject\",\"inLanguage\":\"en-US\",\"@id\":\"https:\/\/www.shinkosha.com\/english\/product\/epi_substrate\/ysz\/#primaryimage\",\"url\":\"https:\/\/www.shinkosha.com\/english\/wp-content\/uploads\/sites\/2\/2021\/09\/YSZ.png\",\"contentUrl\":\"https:\/\/www.shinkosha.com\/english\/wp-content\/uploads\/sites\/2\/2021\/09\/YSZ.png\",\"width\":688,\"height\":423},{\"@type\":\"BreadcrumbList\",\"@id\":\"https:\/\/www.shinkosha.com\/english\/product\/epi_substrate\/ysz\/#breadcrumb\",\"itemListElement\":[{\"@type\":\"ListItem\",\"position\":1,\"name\":\"\u30db\u30fc\u30e0\",\"item\":\"https:\/\/www.shinkosha.com\/english\/\"},{\"@type\":\"ListItem\",\"position\":2,\"name\":\"Product Information\",\"item\":\"https:\/\/www.shinkosha.com\/english\/product\/\"},{\"@type\":\"ListItem\",\"position\":3,\"name\":\"Oxide single crystal substrates for thin-film growth\",\"item\":\"https:\/\/www.shinkosha.com\/english\/product\/epi_substrate\/\"},{\"@type\":\"ListItem\",\"position\":4,\"name\":\"YSZ\"}]},{\"@type\":\"WebSite\",\"@id\":\"https:\/\/www.shinkosha.com\/english\/#website\",\"url\":\"https:\/\/www.shinkosha.com\/english\/\",\"name\":\"SHINKOSHA Crystals for a bright future\",\"description\":\"Shinkosha is a leading company of oxide single crystal production. We are one of the largest sapphire crystal manufacturer in Japan, and also one of the largest rutile crystal manufacturer in the world.\",\"potentialAction\":[{\"@type\":\"SearchAction\",\"target\":{\"@type\":\"EntryPoint\",\"urlTemplate\":\"https:\/\/www.shinkosha.com\/english\/?s={search_term_string}\"},\"query-input\":{\"@type\":\"PropertyValueSpecification\",\"valueRequired\":true,\"valueName\":\"search_term_string\"}}],\"inLanguage\":\"en-US\"}]}<\/script>\n<!-- \/ Yoast SEO plugin. -->","yoast_head_json":{"title":"YSZ - SHINKOSHA Crystals for a bright future","description":"Shinkosha is a leading company of oxide single crystal production. We are one of the largest sapphire crystal manufacturer in Japan, and also one of the largest rutile crystal manufacturer in the world.","robots":{"index":"index","follow":"follow","max-snippet":"max-snippet:-1","max-image-preview":"max-image-preview:large","max-video-preview":"max-video-preview:-1"},"canonical":"https:\/\/www.shinkosha.com\/english\/product\/epi_substrate\/ysz\/","og_locale":"en_US","og_type":"article","og_title":"YSZ - SHINKOSHA Crystals for a bright future","og_description":"Shinkosha is a leading company of oxide single crystal production. We are one of the largest sapphire crystal manufacturer in Japan, and also one of the largest rutile crystal manufacturer in the world.","og_url":"https:\/\/www.shinkosha.com\/english\/product\/epi_substrate\/ysz\/","og_site_name":"SHINKOSHA Crystals for a bright future","article_modified_time":"2023-09-22T06:58:34+00:00","og_image":[{"width":688,"height":423,"url":"https:\/\/www.shinkosha.com\/english\/wp-content\/uploads\/sites\/2\/2021\/09\/YSZ.png","type":"image\/png"}],"twitter_card":"summary_large_image","schema":{"@context":"https:\/\/schema.org","@graph":[{"@type":"WebPage","@id":"https:\/\/www.shinkosha.com\/english\/product\/epi_substrate\/ysz\/","url":"https:\/\/www.shinkosha.com\/english\/product\/epi_substrate\/ysz\/","name":"YSZ - SHINKOSHA Crystals for a bright future","isPartOf":{"@id":"https:\/\/www.shinkosha.com\/english\/#website"},"primaryImageOfPage":{"@id":"https:\/\/www.shinkosha.com\/english\/product\/epi_substrate\/ysz\/#primaryimage"},"image":{"@id":"https:\/\/www.shinkosha.com\/english\/product\/epi_substrate\/ysz\/#primaryimage"},"thumbnailUrl":"https:\/\/www.shinkosha.com\/english\/wp-content\/uploads\/sites\/2\/2021\/09\/YSZ.png","datePublished":"2019-04-02T15:58:28+00:00","dateModified":"2023-09-22T06:58:34+00:00","description":"Shinkosha is a leading company of oxide single crystal production. We are one of the largest sapphire crystal manufacturer in Japan, and also one of the largest rutile crystal manufacturer in the world.","breadcrumb":{"@id":"https:\/\/www.shinkosha.com\/english\/product\/epi_substrate\/ysz\/#breadcrumb"},"inLanguage":"en-US","potentialAction":[{"@type":"ReadAction","target":["https:\/\/www.shinkosha.com\/english\/product\/epi_substrate\/ysz\/"]}]},{"@type":"ImageObject","inLanguage":"en-US","@id":"https:\/\/www.shinkosha.com\/english\/product\/epi_substrate\/ysz\/#primaryimage","url":"https:\/\/www.shinkosha.com\/english\/wp-content\/uploads\/sites\/2\/2021\/09\/YSZ.png","contentUrl":"https:\/\/www.shinkosha.com\/english\/wp-content\/uploads\/sites\/2\/2021\/09\/YSZ.png","width":688,"height":423},{"@type":"BreadcrumbList","@id":"https:\/\/www.shinkosha.com\/english\/product\/epi_substrate\/ysz\/#breadcrumb","itemListElement":[{"@type":"ListItem","position":1,"name":"\u30db\u30fc\u30e0","item":"https:\/\/www.shinkosha.com\/english\/"},{"@type":"ListItem","position":2,"name":"Product Information","item":"https:\/\/www.shinkosha.com\/english\/product\/"},{"@type":"ListItem","position":3,"name":"Oxide single crystal substrates for thin-film growth","item":"https:\/\/www.shinkosha.com\/english\/product\/epi_substrate\/"},{"@type":"ListItem","position":4,"name":"YSZ"}]},{"@type":"WebSite","@id":"https:\/\/www.shinkosha.com\/english\/#website","url":"https:\/\/www.shinkosha.com\/english\/","name":"SHINKOSHA Crystals for a bright future","description":"Shinkosha is a leading company of oxide single crystal production. We are one of the largest sapphire crystal manufacturer in Japan, and also one of the largest rutile crystal manufacturer in the world.","potentialAction":[{"@type":"SearchAction","target":{"@type":"EntryPoint","urlTemplate":"https:\/\/www.shinkosha.com\/english\/?s={search_term_string}"},"query-input":{"@type":"PropertyValueSpecification","valueRequired":true,"valueName":"search_term_string"}}],"inLanguage":"en-US"}]}},"_links":{"self":[{"href":"https:\/\/www.shinkosha.com\/english\/wp-json\/wp\/v2\/pages\/187","targetHints":{"allow":["GET"]}}],"collection":[{"href":"https:\/\/www.shinkosha.com\/english\/wp-json\/wp\/v2\/pages"}],"about":[{"href":"https:\/\/www.shinkosha.com\/english\/wp-json\/wp\/v2\/types\/page"}],"author":[{"embeddable":true,"href":"https:\/\/www.shinkosha.com\/english\/wp-json\/wp\/v2\/users\/1"}],"replies":[{"embeddable":true,"href":"https:\/\/www.shinkosha.com\/english\/wp-json\/wp\/v2\/comments?post=187"}],"version-history":[{"count":11,"href":"https:\/\/www.shinkosha.com\/english\/wp-json\/wp\/v2\/pages\/187\/revisions"}],"predecessor-version":[{"id":1612,"href":"https:\/\/www.shinkosha.com\/english\/wp-json\/wp\/v2\/pages\/187\/revisions\/1612"}],"up":[{"embeddable":true,"href":"https:\/\/www.shinkosha.com\/english\/wp-json\/wp\/v2\/pages\/612"}],"wp:attachment":[{"href":"https:\/\/www.shinkosha.com\/english\/wp-json\/wp\/v2\/media?parent=187"}],"curies":[{"name":"wp","href":"https:\/\/api.w.org\/{rel}","templated":true}]}}